{"id":36,"date":"2015-03-25T19:17:13","date_gmt":"2015-03-25T18:17:13","guid":{"rendered":"http:\/\/www.matthiasgutmann.de\/?page_id=36"},"modified":"2015-05-09T13:27:21","modified_gmt":"2015-05-09T11:27:21","slug":"ich","status":"publish","type":"page","link":"http:\/\/www.matthiasgutmann.de\/?page_id=36","title":{"rendered":"Ich"},"content":{"rendered":"<p><strong><em><br \/>\n<\/em><\/strong><\/p>\n<p><strong><em>EIN KURZER LEBENSLAUF \u00dcBER MICH<\/em><\/strong><\/p>\n<p><em>Am 13.07.1980 erblickte ich das Licht der Welt.<\/em><\/p>\n<p><em>Ich bin im sch\u00f6nen Neu-Ulm an der Donau geboren.<\/em><\/p>\n<p><em>Im September 1989 hat es mich in das sch\u00f6ne St\u00e4dtchen Griesheim bei Darmstadt verschlagen, wo ich seitdem wohne.<\/em><\/p>\n<p><em>Nach meinem Schulabschluss 1997 fing ich eine Lehre als Gas-Wasserinstallateur an und beendete diese mit bestandener Gesellenpr\u00fcfung im Januar 2000.<\/em><\/p>\n<p><em>Danach hat mich unser Vaterland zum Dienst gerufen. Wie es sich geh\u00f6rt, bin ich braf dem Ruf gefolgt und habe meinen Wehrdienst bei der Luftwaffe im Mai 2000 angetreten. Den Grundwehrdienst absolvierte ich in Roth.<\/em><\/p>\n<p><em>Die restlichen Monate war ich in der Sanstaffel in Mechernich stationiert.<\/em><\/p>\n<p><em>Zurzeit arbeite ich in einem gro\u00dfen Bau- und Gartenmarkt in Darmstadt.<\/em><\/p>\n<p><em>Zu meinen Hobbys z\u00e4hlt an erster Stelle Fu\u00dfball, vorallem die Frankfurter Eintracht. Au\u00dferdem fahre ich gerne Rennrad, wenn es die Zeit und das Wetter zul\u00e4sst.<\/em><\/p>\n<p><em>Hoffe, Ihr habt einen kleinen Einblick von mir bekommen. Ich w\u00fcnsche euch noch viel Spa\u00df beim Betrachten meiner Page.<\/em><\/p>\n","protected":false},"excerpt":{"rendered":"<p>EIN KURZER LEBENSLAUF \u00dcBER MICH Am 13.07.1980 erblickte ich das Licht der Welt. Ich bin im sch\u00f6nen Neu-Ulm an der Donau geboren. Im September 1989 hat es mich in das sch\u00f6ne St\u00e4dtchen Griesheim bei Darmstadt verschlagen, wo ich seitdem wohne. Nach meinem Schulabschluss 1997 fing ich eine Lehre als Gas-Wasserinstallateur an und beendete diese mit &#8230; <span class=\"more\"><a class=\"more-link\" href=\"http:\/\/www.matthiasgutmann.de\/?page_id=36\">[Read more&#8230;]<\/a><\/span><\/p>\n","protected":false},"author":1,"featured_media":0,"parent":0,"menu_order":1,"comment_status":"closed","ping_status":"closed","template":"","meta":[],"_links":{"self":[{"href":"http:\/\/www.matthiasgutmann.de\/index.php?rest_route=\/wp\/v2\/pages\/36"}],"collection":[{"href":"http:\/\/www.matthiasgutmann.de\/index.php?rest_route=\/wp\/v2\/pages"}],"about":[{"href":"http:\/\/www.matthiasgutmann.de\/index.php?rest_route=\/wp\/v2\/types\/page"}],"author":[{"embeddable":true,"href":"http:\/\/www.matthiasgutmann.de\/index.php?rest_route=\/wp\/v2\/users\/1"}],"replies":[{"embeddable":true,"href":"http:\/\/www.matthiasgutmann.de\/index.php?rest_route=%2Fwp%2Fv2%2Fcomments&post=36"}],"version-history":[{"count":15,"href":"http:\/\/www.matthiasgutmann.de\/index.php?rest_route=\/wp\/v2\/pages\/36\/revisions"}],"predecessor-version":[{"id":2356,"href":"http:\/\/www.matthiasgutmann.de\/index.php?rest_route=\/wp\/v2\/pages\/36\/revisions\/2356"}],"wp:attachment":[{"href":"http:\/\/www.matthiasgutmann.de\/index.php?rest_route=%2Fwp%2Fv2%2Fmedia&parent=36"}],"curies":[{"name":"wp","href":"https:\/\/api.w.org\/{rel}","templated":true}]}}