{"id":24,"date":"2015-03-24T20:16:18","date_gmt":"2015-03-24T19:16:18","guid":{"rendered":"http:\/\/www.matthiasgutmann.de\/?page_id=24"},"modified":"2015-04-19T19:35:21","modified_gmt":"2015-04-19T17:35:21","slug":"hochzeitsreise-australien-2010","status":"publish","type":"page","link":"http:\/\/www.matthiasgutmann.de\/?page_id=24","title":{"rendered":"Australien 2010"},"content":{"rendered":"<p>Unsere Hochzeitsreise verbrachten wir in Australien, da Sascha\u00b4s Trauzeugin Daniela dort ein Jahr \u201eWork and Travel&#8220; verbringt. Die Idee dieser Reise begeisterte uns alle und so buchten wir voller Vorfreude unsere Fl\u00fcge, um wundervolle Flitterwochen zu verbringen.<\/p>\n<p><i>Am 01.01.2010 starteten wir von Frankfurt \u00fcber Abu Dhabi mit dem Ziel Sydney. Nach einem guten Flug von 20 Std. kamen wir zwar bei tr\u00fcbem Wetter an, die Temperatur lag aber bei 30 Grad. Die Wiedersehensfreude war sehr gro\u00df, als Dani\u00a0uns am Flughafen abholte. Wir fuhren zuerst in unser Quartier \u201eHeadquarters Hostel&#8220;, fr\u00fchst\u00fcckten dort und sahen uns dann die Stadt an. Auf dem Programm standen die Oper, Habourbridge und die Innenstadt. Die Skyline Sydney\u2018s ist wirklich sehenswert.<\/i><\/p>\n<p><i>Am n\u00e4chsten Tag buchten wir unsere Reise quer durchs Land (Fraser\u00a0Island, Sky\u00a0Diving, Surfen, Australia Zoo und nat\u00fcrlich das Outback) und fuhren dann zum ber\u00fchmten Bondai Beach, um endlich das Meer zu genie\u00dfen. Blue Mountains hie\u00df der Plan f\u00fcr den dritten Tag. Ein toller Tagesausflug mit Wasserf\u00e4llen und tollen Aussichten zum Genie\u00dfen.\u00a0<\/i><\/p>\n<p><i>Nach vier erlebnisreichen\u00a0Tagen starteten wir unsere \u201eSelf-Drive-Tour&#8220; mit dem Auto und acht weiteren Teilnehmern. Das Abenteuer \u201eFraser\u00a0Island&#8220; konnte beginnen. Unser erster Stop war der Lake \u201eMc Kanzie&#8220;. Dieses Fleckchen Erde ist wohl eines der Sch\u00f6nsten, welches der liebe Gott erschaffen hat. Wir bauten unsere Zelte auf und genossen den Abend bei einigen Gl\u00e4schen Wein. Am n\u00e4chsten Tag ging es weiter zu den ber\u00fcchtigten Champagner Pools. Diese Pools sind etwas ganz besonderes, denn sie bieten die einzige M\u00f6glichkeit, auf Fraser Island \u00fcberhaupt im Meerwasser zu baden. Einen kurzen Zwischenstopp\u00a0machten wir auf einer Aussichtsplattform, von wo aus wir Rochen und Haie beobachten konnten. Ein Naturschauspiel der besonderen Art erlebten wir am letzten Tag unserer Reise auf Frazer Island. Der See \u201eLake Wobby&#8220; lag zwischen Wald auf der einen Seite und W\u00fcste auf der anderen Seite.<\/i><\/p>\n<p><i>Zur\u00fcck im Hostel stand am n\u00e4chsten Morgen der Surfkurs\u00a0auf dem Programm. Wir hatten viel Spa\u00df und konnten uns 4 Stunden in den Wellen vergn\u00fcgen. Wir bereiteten uns nun alle auf unser wohl gr\u00f6\u00dftes Event, dem Sky\u00a0Dive\u00a0vor. 14000 Feet ( 4000m). Es war wohl das Beste, was wir je in unserem Leben gemacht haben. Freier Fall eine Minute lang, einfach nur atemberaubend. Gigantisches Gef\u00fchl. Hammer.<\/i><\/p>\n<p><i>Unser Mut und die sichere Landung mussten nat\u00fcrlich erst mal mit einer Flasche Sekt begossen werden.\u00a0<\/i><\/p>\n<p><i>Noosa\u00a0war unser Ziel f\u00fcr den n\u00e4chsten Tag. Hier besichtigten wir den Australien Zoo von Crocodile Hunter. Der Zoo ist super und riesengro\u00df.<\/i><\/p>\n<p><i>Eine Stadtf\u00fchrung in Brisbane, gef\u00fchrt von Dani, war ebenso erlebnisreich.<\/i><\/p>\n<p><i>Doch das Highlight stand noch bevor: das Outback\u00a0und der \u201eUluru&#8220;. Ein Guid\u00a0f\u00fchrte uns durch den Nationalpark, erz\u00e4hlte uns Geschichten \u00fcber die Aboriginis, und zeigte uns den Sonnenauf- und untergang\u00a0am Uluru. Geschlafen hatten wir in \u201eSwags&#8220; unterm freien Sternenhimmel. Ein einmaliges Erlebnis. kam nun auf uns zu. Das gr\u00f6\u00dfte Highlight, der Kings Canyon. Ca. drei Stunden liefen wir auf dem Canyon entlang und waren v\u00f6llig begeistert von den riesigen Schluchten.<\/i><\/p>\n<p><i>Nun hie\u00df es bald schon wieder Abschied nehmen, von traumhaften Erlebnissen. Am n\u00e4chsten Morgen machten wir uns vor unserem Heimflug\u00a0noch auf, ein Didgeridoo zu finden. Denn ohne dieses Mitbringsel wollten wir unsere Reise nicht beenden und h\u00e4tten unm\u00f6glich in das Flugzeug nach Deutschland steigen k\u00f6nnen.\u00a0<\/i><\/p>\n<p><i>Bye, bye, Australia, we\u00a0will come back!!!<\/i><\/p>\n<p><i>Wir danken unserer Freundin Huschel sehr f\u00fcr ihre Zeit, die sie sich extra f\u00fcr uns genommen hat, um uns dieses tolle Land, ihre derzeitige Heimat, zu zeigen.\u00a0<\/i><\/p>\n<p><i>Diese Reise werden wir nie vergessen, denn sie war etwas ganz besonderes f\u00fcr uns!!!<\/i><\/p>\n<p>\n<div class=\"ngg-albumoverview\">\n\n\t<!-- List of galleries -->\n\t\n\t<div class=\"ngg-album-compact\">\n\t\t<div class=\"ngg-album-compactbox\">\n\t\t\t<div class=\"ngg-album-link\">\n                                    <a class=\"Link\" href=\"http:\/\/www.matthiasgutmann.de\/index.php\/nggallery\/australien\/australien?page_id=24\">\n                        <img class=\"Thumb\"\n                             alt=\"Australien\"\n                             src=\"http:\/\/www.matthiasgutmann.de\/wp-content\/gallery\/australien\/dynamic\/IMG_1142.jpg-nggid03863-ngg0dyn-91x68-00f0w010c011r110f110r010t010.jpg\"\/>\n                    <\/a>\n                \t\t\t<\/div>\n\t\t<\/div>\n                <h4>\n            <a class=\"ngg-album-desc\"\n               title=\"Australien\"\n               href=\"http:\/\/www.matthiasgutmann.de\/index.php\/nggallery\/australien\/australien?page_id=24\"\n               style=\"max-width: 111px\">\n                Australien            <\/a>\n        <\/h4>\n\t\t<p class=\"ngg-album-gallery-image-counter\">\n\t\t\t\t\t\t\t<strong>92<\/strong>&nbsp;Fotos\t\t\t\t\t<\/p>\n\t<\/div>\n\n \t\n\t<!-- Pagination -->\n    <br class=\"ngg-clear\"\/>\n \t<div class='ngg-clear'><\/div><\/div>\n\n<\/p>\n","protected":false},"excerpt":{"rendered":"<p>Unsere Hochzeitsreise verbrachten wir in Australien, da Sascha\u00b4s Trauzeugin Daniela dort ein Jahr \u201eWork and Travel&#8220; verbringt. Die Idee dieser Reise begeisterte uns alle und so buchten wir voller Vorfreude unsere Fl\u00fcge, um wundervolle Flitterwochen zu verbringen. Am 01.01.2010 starteten wir von Frankfurt \u00fcber Abu Dhabi mit dem Ziel Sydney. Nach einem guten Flug von &#8230; <span class=\"more\"><a class=\"more-link\" href=\"http:\/\/www.matthiasgutmann.de\/?page_id=24\">[Read more&#8230;]<\/a><\/span><\/p>\n","protected":false},"author":1,"featured_media":0,"parent":0,"menu_order":1,"comment_status":"open","ping_status":"open","template":"","meta":[],"_links":{"self":[{"href":"http:\/\/www.matthiasgutmann.de\/index.php?rest_route=\/wp\/v2\/pages\/24"}],"collection":[{"href":"http:\/\/www.matthiasgutmann.de\/index.php?rest_route=\/wp\/v2\/pages"}],"about":[{"href":"http:\/\/www.matthiasgutmann.de\/index.php?rest_route=\/wp\/v2\/types\/page"}],"author":[{"embeddable":true,"href":"http:\/\/www.matthiasgutmann.de\/index.php?rest_route=\/wp\/v2\/users\/1"}],"replies":[{"embeddable":true,"href":"http:\/\/www.matthiasgutmann.de\/index.php?rest_route=%2Fwp%2Fv2%2Fcomments&post=24"}],"version-history":[{"count":5,"href":"http:\/\/www.matthiasgutmann.de\/index.php?rest_route=\/wp\/v2\/pages\/24\/revisions"}],"predecessor-version":[{"id":2099,"href":"http:\/\/www.matthiasgutmann.de\/index.php?rest_route=\/wp\/v2\/pages\/24\/revisions\/2099"}],"wp:attachment":[{"href":"http:\/\/www.matthiasgutmann.de\/index.php?rest_route=%2Fwp%2Fv2%2Fmedia&parent=24"}],"curies":[{"name":"wp","href":"https:\/\/api.w.org\/{rel}","templated":true}]}}