{"id":22,"date":"2015-03-25T18:45:34","date_gmt":"2015-03-25T17:45:34","guid":{"rendered":"http:\/\/www.matthiasgutmann.de\/?page_id=22"},"modified":"2015-04-24T09:36:46","modified_gmt":"2015-04-24T07:36:46","slug":"r-i-p-2","status":"publish","type":"page","link":"http:\/\/www.matthiasgutmann.de\/?page_id=22","title":{"rendered":"R.I.P"},"content":{"rendered":"<p><em><strong>Oliver Timmermann\u00a0<\/strong><\/em><\/p>\n<p><img data-attachment-id=\"2122\" data-permalink=\"http:\/\/www.matthiasgutmann.de\/?attachment_id=2122\" data-orig-file=\"https:\/\/i0.wp.com\/www.matthiasgutmann.de\/wp-content\/uploads\/2015\/04\/IMG_5490_5.jpg?fit=333%2C500\" data-orig-size=\"333,500\" data-comments-opened=\"0\" data-image-meta=\"{&quot;aperture&quot;:&quot;0&quot;,&quot;credit&quot;:&quot;&quot;,&quot;camera&quot;:&quot;&quot;,&quot;caption&quot;:&quot;&quot;,&quot;created_timestamp&quot;:&quot;1294033485&quot;,&quot;copyright&quot;:&quot;&quot;,&quot;focal_length&quot;:&quot;0&quot;,&quot;iso&quot;:&quot;0&quot;,&quot;shutter_speed&quot;:&quot;0&quot;,&quot;title&quot;:&quot;IMG_5490&quot;,&quot;orientation&quot;:&quot;1&quot;}\" data-image-title=\"IMG_5490\" data-image-description=\"\" data-medium-file=\"https:\/\/i0.wp.com\/www.matthiasgutmann.de\/wp-content\/uploads\/2015\/04\/IMG_5490_5.jpg?fit=200%2C300\" data-large-file=\"https:\/\/i0.wp.com\/www.matthiasgutmann.de\/wp-content\/uploads\/2015\/04\/IMG_5490_5.jpg?fit=333%2C500\" loading=\"lazy\" class=\"  wp-image-2122 alignnone\" src=\"https:\/\/i0.wp.com\/www.matthiasgutmann.de\/wp-content\/uploads\/2015\/04\/IMG_5490_5.jpg?resize=117%2C176\" alt=\"IMG_5490\" srcset=\"https:\/\/i0.wp.com\/www.matthiasgutmann.de\/wp-content\/uploads\/2015\/04\/IMG_5490_5.jpg?w=333 333w, https:\/\/i0.wp.com\/www.matthiasgutmann.de\/wp-content\/uploads\/2015\/04\/IMG_5490_5.jpg?resize=200%2C300 200w\" sizes=\"(max-width: 117px) 100vw, 117px\" data-recalc-dims=\"1\" \/><\/p>\n<p><em><strong>Geboren am:\u00a0 10.05.1979<\/strong><\/em><\/p>\n<p><em><strong>Gestorben am: 02.04.2011<\/strong><\/em><\/p>\n<p><em>Du wirst immer in meinem Herzen sein du warst ein Richtiger Freund.<\/em><\/p>\n<p>&nbsp;<\/p>\n<p><em><strong>Freunde<\/strong>\u00a0<\/em><\/p>\n<p><em>Man hat im Leben viele Bekanntschaften, doch nur wenige Freunde.<\/em><\/p>\n<p><em>Zum Gl\u00fcck kann ich sagen, dass ich mich gl\u00fccklich sch\u00e4tzen kann das ich doch ein paar Freunde habe.<\/em><\/p>\n<p><em>Freunde sind immer f\u00fcr einen da.<\/em><\/p>\n<p><em>Freunde helfen wo sie k\u00f6nnen.<\/em><\/p>\n<p><em>Freunde lassen einen nicht im stich.<\/em><\/p>\n<p><em>Wer sagen kann er hat wirkliche Freunde der kann sehr froh sein und sollte alles daf\u00fcr tun diese auch zu behalten.<\/em><\/p>\n<p><em>Leider kommt es vor ,dass man seine Freunde gehen lassen muss, doch in unserem Herzen sind sie auch weiter hin da und werden dann auch von oben auf einen aufpassen.<\/em><\/p>\n<p><em>Ich bin froh, dass ich wei\u00df das dort oben 2 Freunde \u00fcber mich wachen und aufpassen das dass Leben weiter geht.<\/em><\/p>\n<p><em>Freunde kommen Freunde gehen,<\/em><\/p>\n<p><em>doch in unsren Herzen werden Sie ewig Leben.<\/em><\/p>\n<p>&nbsp;<\/p>\n<p>&nbsp;<\/p>\n","protected":false},"excerpt":{"rendered":"<p>Oliver Timmermann\u00a0 Geboren am:\u00a0 10.05.1979 Gestorben am: 02.04.2011 Du wirst immer in meinem Herzen sein du warst ein Richtiger Freund. &nbsp; Freunde\u00a0 Man hat im Leben viele Bekanntschaften, doch nur wenige Freunde. Zum Gl\u00fcck kann ich sagen, dass ich mich gl\u00fccklich sch\u00e4tzen kann das ich doch ein paar Freunde habe. Freunde sind immer f\u00fcr einen &#8230; <span class=\"more\"><a class=\"more-link\" href=\"http:\/\/www.matthiasgutmann.de\/?page_id=22\">[Read more&#8230;]<\/a><\/span><\/p>\n","protected":false},"author":1,"featured_media":0,"parent":0,"menu_order":1,"comment_status":"open","ping_status":"open","template":"","meta":[],"_links":{"self":[{"href":"http:\/\/www.matthiasgutmann.de\/index.php?rest_route=\/wp\/v2\/pages\/22"}],"collection":[{"href":"http:\/\/www.matthiasgutmann.de\/index.php?rest_route=\/wp\/v2\/pages"}],"about":[{"href":"http:\/\/www.matthiasgutmann.de\/index.php?rest_route=\/wp\/v2\/types\/page"}],"author":[{"embeddable":true,"href":"http:\/\/www.matthiasgutmann.de\/index.php?rest_route=\/wp\/v2\/users\/1"}],"replies":[{"embeddable":true,"href":"http:\/\/www.matthiasgutmann.de\/index.php?rest_route=%2Fwp%2Fv2%2Fcomments&post=22"}],"version-history":[{"count":6,"href":"http:\/\/www.matthiasgutmann.de\/index.php?rest_route=\/wp\/v2\/pages\/22\/revisions"}],"predecessor-version":[{"id":2132,"href":"http:\/\/www.matthiasgutmann.de\/index.php?rest_route=\/wp\/v2\/pages\/22\/revisions\/2132"}],"wp:attachment":[{"href":"http:\/\/www.matthiasgutmann.de\/index.php?rest_route=%2Fwp%2Fv2%2Fmedia&parent=22"}],"curies":[{"name":"wp","href":"https:\/\/api.w.org\/{rel}","templated":true}]}}